{"id":2901,"date":"2026-04-08T14:04:51","date_gmt":"2026-04-08T14:04:51","guid":{"rendered":"https:\/\/investvida.com.br\/?page_id=2901"},"modified":"2026-04-08T16:18:17","modified_gmt":"2026-04-08T16:18:17","slug":"sobre-nos","status":"publish","type":"page","link":"https:\/\/investvida.com.br\/en\/sobre-nos\/","title":{"rendered":"Sobre n\u00f3s"},"content":{"rendered":"<section class=\"wpb-content-wrapper\"><div class=\"vc_row wpb_row vc_row-fluid\"><div class=\"wpb_column vc_column_container vc_col-sm-12\"><div class=\"vc_column-inner\"><div class=\"wpb_wrapper\">\n\t<div class=\"wpb_text_column wpb_content_element\" >\n\t\t<div class=\"wpb_wrapper\">\n\t\t\t<p class=\"ds-markdown-paragraph\"><strong>Sobre a InvestVida<\/strong><\/p>\n<p class=\"ds-markdown-paragraph\">Vivemos um tempo em que \u00e9 urgente repensar o significado de desenvolvimento. Para a InvestVida, desenvolvimento \u00e9\u00a0<strong>gerar vida<\/strong>\u00a0\u2014 com dignidade, equil\u00edbrio e pertencimento.<\/p>\n<p class=\"ds-markdown-paragraph\">Atuamos como consultoria e portal de not\u00edcias, criando pontes entre a sociedade civil, o poder p\u00fablico e o setor privado. Nossa comunica\u00e7\u00e3o \u00e9 uma ferramenta de constru\u00e7\u00e3o de confian\u00e7a e de articula\u00e7\u00e3o de redes. Produzimos not\u00edcias e conte\u00fados que n\u00e3o apenas informam, mas que\u00a0<strong>fortalecem relacionamentos<\/strong>\u00a0e\u00a0<strong>inspiram mudan\u00e7as reais<\/strong>.<\/p>\n<p class=\"ds-markdown-paragraph\">Acreditamos em uma economia verde que seja tamb\u00e9m uma economia popular. Uma economia que cuide das pessoas, que reduza a viol\u00eancia estrutural e que leve benef\u00edcios tang\u00edveis para o cotidiano das fam\u00edlias brasileiras. Uma economia de\u00a0<strong>projetamento<\/strong>, onde inova\u00e7\u00e3o tecnol\u00f3gica e social caminham juntas para gerar desenvolvimento econ\u00f4mico com inclus\u00e3o e prop\u00f3sito.<\/p>\n<p class=\"ds-markdown-paragraph\">Com os p\u00e9s nos ODS da ONU e o olhar no futuro, a InvestVida quer ajudar a construir um mundo onde o crescimento n\u00e3o destr\u00f3i, onde o progresso acolhe e onde a sustentabilidade \u00e9, acima de tudo, um compromisso com a vida.<\/p>\n<p class=\"ds-markdown-paragraph\">Voc\u00ea credita nesse movimento, mande suas noticias\u00a0 \u00a0<a href=\"\/en\/redacao@investvida.com.br\/\">redacao@investvida.com.br<\/a><\/p>\n<p>Reda\u00e7\u00e3o &#8211; 11 91443-6346 &#8211;<\/p>\n\n\t\t<\/div>\n\t<\/div>\n<\/div><\/div><\/div><\/div>\n<\/section>","protected":false},"excerpt":{"rendered":"Sobre a InvestVida Vivemos um tempo em que \u00e9 urgente repensar o significado de desenvolvimento. Para a InvestVida, desenvolvimento \u00e9\u00a0gerar vida\u00a0\u2014 com dignidade, equil\u00edbrio e pertencimento. Atuamos como consultoria e &hellip; <a href=\"https:\/\/investvida.com.br\/en\/sobre-nos\/\" class=\"more-link\">Read More<\/a>","protected":false},"author":5,"featured_media":0,"parent":0,"menu_order":0,"comment_status":"closed","ping_status":"closed","template":"","meta":{"footnotes":""},"class_list":["post-2901","page","type-page","status-publish","hentry","entry"],"_hostinger_reach_plugin_has_subscription_block":false,"_hostinger_reach_plugin_is_elementor":false,"_links":{"self":[{"href":"https:\/\/investvida.com.br\/en\/wp-json\/wp\/v2\/pages\/2901","targetHints":{"allow":["GET"]}}],"collection":[{"href":"https:\/\/investvida.com.br\/en\/wp-json\/wp\/v2\/pages"}],"about":[{"href":"https:\/\/investvida.com.br\/en\/wp-json\/wp\/v2\/types\/page"}],"author":[{"embeddable":true,"href":"https:\/\/investvida.com.br\/en\/wp-json\/wp\/v2\/users\/5"}],"replies":[{"embeddable":true,"href":"https:\/\/investvida.com.br\/en\/wp-json\/wp\/v2\/comments?post=2901"}],"version-history":[{"count":4,"href":"https:\/\/investvida.com.br\/en\/wp-json\/wp\/v2\/pages\/2901\/revisions"}],"predecessor-version":[{"id":2926,"href":"https:\/\/investvida.com.br\/en\/wp-json\/wp\/v2\/pages\/2901\/revisions\/2926"}],"wp:attachment":[{"href":"https:\/\/investvida.com.br\/en\/wp-json\/wp\/v2\/media?parent=2901"}],"curies":[{"name":"wp","href":"https:\/\/api.w.org\/{rel}","templated":true}]}}